{"id":231520,"date":"2023-05-28T08:57:17","date_gmt":"2023-05-28T08:57:17","guid":{"rendered":"https:\/\/ferienwohnung-nizza.eu\/calendrier-doccupation-et-reservation-directe\/"},"modified":"2025-08-09T06:28:55","modified_gmt":"2025-08-09T06:28:55","slug":"occupancy-calendar-and-direct-booking","status":"publish","type":"page","link":"https:\/\/ferienwohnung-nizza.eu\/fr\/occupancy-calendar-and-direct-booking\/","title":{"rendered":"Calendrier d&rsquo;occupation et r\u00e9servation directe"},"content":{"rendered":"<p>[et_pb_section fb_built=\u00a0\u00bb1&Prime; admin_label=\u00a0\u00bbHeader\u00a0\u00bb _builder_version=\u00a0\u00bb4.21.0&Prime; _module_preset=\u00a0\u00bbdefault\u00a0\u00bb background_color=\u00a0\u00bb#faf5ef\u00a0\u00bb background_enable_image=\u00a0\u00bboff\u00a0\u00bb positioning=\u00a0\u00bbnone\u00a0\u00bb vertical_offset=\u00a0\u00bb0px\u00a0\u00bb custom_margin=\u00a0\u00bb-5em||||false|false\u00a0\u00bb custom_padding=\u00a0\u00bb5%||||false|false\u00a0\u00bb border_width_all=\u00a0\u00bb10vw\u00a0\u00bb border_color_all=\u00a0\u00bb#FAF5EF\u00a0\u00bb border_width_top=\u00a0\u00bb5vw\u00a0\u00bb border_width_all_tablet=\u00a0\u00bb5vw\u00a0\u00bb border_width_all_phone=\u00a0\u00bb5vw\u00a0\u00bb border_width_all_last_edited=\u00a0\u00bbon|tablet\u00a0\u00bb global_colors_info=\u00a0\u00bb{}\u00a0\u00bb][et_pb_row custom_padding_last_edited=\u00a0\u00bbon|desktop\u00a0\u00bb _builder_version=\u00a0\u00bb4.21.0&Prime; _module_preset=\u00a0\u00bbdefault\u00a0\u00bb background_color=\u00a0\u00bb#FFFFFF\u00a0\u00bb custom_margin=\u00a0\u00bb||35px||false|false\u00a0\u00bb custom_padding=\u00a0\u00bb50px|50px|50px|50px|true|true\u00a0\u00bb custom_padding_tablet=\u00a0\u00bb30px|30px|30px|30px|true|true\u00a0\u00bb custom_padding_phone=\u00a0\u00bb20px|20px|20px|20px|true|true\u00a0\u00bb global_colors_info=\u00a0\u00bb{}\u00a0\u00bb][et_pb_column type=\u00a0\u00bb4_4&Prime; _builder_version=\u00a0\u00bb4.17.6&Prime; _module_preset=\u00a0\u00bbdefault\u00a0\u00bb global_colors_info=\u00a0\u00bb{}\u00a0\u00bb][et_pb_text _builder_version=\u00a0\u00bb4.21.0&Prime; _module_preset=\u00a0\u00bbb327cbe4-b1d5-4b66-ad37-40c8f2f061ba\u00a0\u00bb header_2_font=\u00a0\u00bbManrope|700|||||||\u00a0\u00bb header_2_text_color=\u00a0\u00bb#000000&Prime; header_2_font_size=\u00a0\u00bb48px\u00a0\u00bb header_2_line_height=\u00a0\u00bb1.2em\u00a0\u00bb text_orientation=\u00a0\u00bbcenter\u00a0\u00bb header_2_font_size_tablet=\u00a0\u00bb32px\u00a0\u00bb header_2_font_size_phone=\u00a0\u00bb20px\u00a0\u00bb header_2_font_size_last_edited=\u00a0\u00bbon|desktop\u00a0\u00bb global_colors_info=\u00a0\u00bb{}\u00a0\u00bb]<\/p>\n<h2>Calendrier d&rsquo;occupation et r\u00e9servation directe<\/h2>\n<p>Regardez ici quand l&rsquo;appartement de vacances \u00e0 Nice est encore libre et r\u00e9servez tout de suite ici.<\/p>\n<p>[\/et_pb_text][\/et_pb_column][\/et_pb_row][et_pb_row column_structure=\u00a0\u00bb1_2,1_2&Prime; custom_padding_last_edited=\u00a0\u00bbon|desktop\u00a0\u00bb _builder_version=\u00a0\u00bb4.21.0&Prime; _module_preset=\u00a0\u00bbdefault\u00a0\u00bb background_color=\u00a0\u00bb#FFFFFF\u00a0\u00bb custom_margin=\u00a0\u00bb||0px||false|false\u00a0\u00bb custom_padding=\u00a0\u00bb50px|50px|0px|50px|false|true\u00a0\u00bb custom_padding_tablet=\u00a0\u00bb30px|30px|30px|30px|true|true\u00a0\u00bb custom_padding_phone=\u00a0\u00bb20px|20px|20px|20px|true|true\u00a0\u00bb global_colors_info=\u00a0\u00bb{}\u00a0\u00bb][et_pb_column type=\u00a0\u00bb1_2&Prime; _builder_version=\u00a0\u00bb4.17.6&Prime; _module_preset=\u00a0\u00bbdefault\u00a0\u00bb global_colors_info=\u00a0\u00bb{}\u00a0\u00bb][et_pb_text _builder_version=\u00a0\u00bb4.27.4&Prime; _module_preset=\u00a0\u00bbe6504a1b-67eb-4b3d-b023-bcab277610b6&Prime; text_text_color=\u00a0\u00bb#0054b8&Prime; header_4_font=\u00a0\u00bbManrope|700||on|||||\u00a0\u00bb header_4_text_color=\u00a0\u00bb#0054b8&Prime; header_4_font_size=\u00a0\u00bb14px\u00a0\u00bb header_4_letter_spacing=\u00a0\u00bb1px\u00a0\u00bb header_4_line_height=\u00a0\u00bb1.4em\u00a0\u00bb text_orientation=\u00a0\u00bbcenter\u00a0\u00bb custom_margin=\u00a0\u00bb||0px||false|false\u00a0\u00bb hover_enabled=\u00a0\u00bb0&Prime; global_colors_info=\u00a0\u00bb{}\u00a0\u00bb sticky_enabled=\u00a0\u00bb0&Prime;]<\/p>\n<h3>Calendrier des r\u00e9servations<\/h3>\n<p><iframe id=\"blk56029\" width=\"100%\" height=\"480\" frameborder=\"0\" loading=\"lazy\" referrerpolicy=\"no-referrer-when-downgrade\" src=\"https:\/\/api.belegungskalender-kostenlos.de\/kalender.php?kid=56029\" title=\"Belegungskalender 56029\"><\/p>\n<p>Ihr Browser kann den Kalender leider nicht direkt anzeigen, klicken Sie bitte <b><a href=\"https:\/\/api.belegungskalender-kostenlos.de\/kalender.php?kid=56029\">hier<\/a><\/b><\/p>\n<p><\/iframe><br \/><span style=\"font-size:9px;\"><a href=\"https:\/\/www.belegungskalender-kostenlos.de\" rel=\"nofollow noopener\" target=\"_blank\" style=\"font-size:9px;\">Ferienhaus Belegungskalender<\/a><\/span>[\/et_pb_text][\/et_pb_column][et_pb_column type=\u00a0\u00bb1_2&Prime; _builder_version=\u00a0\u00bb4.17.6&Prime; _module_preset=\u00a0\u00bbdefault\u00a0\u00bb global_colors_info=\u00a0\u00bb{}\u00a0\u00bb][et_pb_text _builder_version=\u00a0\u00bb4.21.0&Prime; _module_preset=\u00a0\u00bbdefault\u00a0\u00bb global_colors_info=\u00a0\u00bb{}\u00a0\u00bb]<\/p>\n<h3>R\u00e9servation directe<\/h3>\n<p>[\/et_pb_text][et_pb_text admin_label=\u00a0\u00bbFormular\u00a0\u00bb _builder_version=\u00a0\u00bb4.21.0&Prime; _module_preset=\u00a0\u00bbdefault\u00a0\u00bb global_colors_info=\u00a0\u00bb{}\u00a0\u00bb]<\/p>\n\n<div class=\"wpcf7 no-js\" id=\"wpcf7-f231627-o1\" lang=\"fr-FR\" dir=\"ltr\" data-wpcf7-id=\"231627\">\n<div class=\"screen-reader-response\"><p role=\"status\" aria-live=\"polite\" aria-atomic=\"true\"><\/p> <ul><\/ul><\/div>\n<form action=\"\/fr\/wp-json\/wp\/v2\/pages\/231520#wpcf7-f231627-o1\" method=\"post\" class=\"wpcf7-form init\" aria-label=\"Formulaire de contact\" novalidate=\"novalidate\" data-status=\"init\">\n<fieldset class=\"hidden-fields-container\"><input type=\"hidden\" name=\"_wpcf7\" value=\"231627\" \/><input type=\"hidden\" name=\"_wpcf7_version\" value=\"6.1.3\" \/><input type=\"hidden\" name=\"_wpcf7_locale\" value=\"fr_FR\" \/><input type=\"hidden\" name=\"_wpcf7_unit_tag\" value=\"wpcf7-f231627-o1\" \/><input type=\"hidden\" name=\"_wpcf7_container_post\" value=\"0\" \/><input type=\"hidden\" name=\"_wpcf7_posted_data_hash\" value=\"\" \/>\n<\/fieldset>\n<p>Vos coordonn\u00e9es :<br \/>\n<span class=\"wpcf7-form-control-wrap\" data-name=\"Vorname\"><input size=\"40\" maxlength=\"400\" class=\"wpcf7-form-control wpcf7-text wpcf7-validates-as-required\" aria-required=\"true\" aria-invalid=\"false\" placeholder=\"Pr\u00e9nom\" value=\"\" type=\"text\" name=\"Vorname\" \/><\/span><br \/>\n<span class=\"wpcf7-form-control-wrap\" data-name=\"your-name\"><input size=\"40\" maxlength=\"400\" class=\"wpcf7-form-control wpcf7-text wpcf7-validates-as-required\" autocomplete=\"name\" aria-required=\"true\" aria-invalid=\"false\" placeholder=\"Nom\" value=\"\" type=\"text\" name=\"your-name\" \/><\/span><br \/>\n<span class=\"wpcf7-form-control-wrap\" data-name=\"Strasse\"><input size=\"40\" maxlength=\"400\" class=\"wpcf7-form-control wpcf7-text wpcf7-validates-as-required\" aria-required=\"true\" aria-invalid=\"false\" placeholder=\"Rue et num\u00e9ro\" value=\"\" type=\"text\" name=\"Strasse\" \/><\/span><br \/>\n<span class=\"wpcf7-form-control-wrap\" data-name=\"PLZ\"><input size=\"40\" maxlength=\"400\" class=\"wpcf7-form-control wpcf7-text wpcf7-validates-as-required\" aria-required=\"true\" aria-invalid=\"false\" placeholder=\"CODE POSTAL\" value=\"\" type=\"text\" name=\"PLZ\" \/><\/span><br \/>\n<span class=\"wpcf7-form-control-wrap\" data-name=\"Ort\"><input size=\"40\" maxlength=\"400\" class=\"wpcf7-form-control wpcf7-text wpcf7-validates-as-required\" aria-required=\"true\" aria-invalid=\"false\" placeholder=\"Lieu\" value=\"\" type=\"text\" name=\"Ort\" \/><\/span><br \/>\n<span class=\"wpcf7-form-control-wrap\" data-name=\"Land\"><input size=\"40\" maxlength=\"400\" class=\"wpcf7-form-control wpcf7-text wpcf7-validates-as-required\" aria-required=\"true\" aria-invalid=\"false\" placeholder=\"Pays\" value=\"\" type=\"text\" name=\"Land\" \/><\/span><br \/>\n<span class=\"wpcf7-form-control-wrap\" data-name=\"your-email\"><input size=\"40\" maxlength=\"400\" class=\"wpcf7-form-control wpcf7-email wpcf7-validates-as-required wpcf7-text wpcf7-validates-as-email\" aria-required=\"true\" aria-invalid=\"false\" placeholder=\"Courrier \u00e9lectronique\" value=\"\" type=\"email\" name=\"your-email\" \/><\/span><br \/>\n<span class=\"wpcf7-form-control-wrap\" data-name=\"Telefon\"><input size=\"40\" maxlength=\"400\" class=\"wpcf7-form-control wpcf7-text wpcf7-validates-as-required\" aria-required=\"true\" aria-invalid=\"false\" placeholder=\"T\u00e9l\u00e9phone\" value=\"\" type=\"text\" name=\"Telefon\" \/><\/span>\n<\/p>\n<p><span class=\"wpcf7-form-control-wrap\" data-name=\"your-subject\"><input size=\"40\" maxlength=\"400\" class=\"wpcf7-form-control wpcf7-text\" aria-invalid=\"false\" value=\"Demande de r\u00e9servation\" type=\"text\" name=\"your-subject\" \/><\/span><br \/>\nDate d'arriv\u00e9e<br \/>\n<span class=\"wpcf7-form-control-wrap\" data-name=\"von\"><input class=\"wpcf7-form-control wpcf7-date wpcf7-validates-as-date\" min=\"2026-05-02\" aria-invalid=\"false\" value=\"2026-04-25\" type=\"date\" name=\"von\" \/><\/span><br \/>\nDate de d\u00e9part<br \/>\n<span class=\"wpcf7-form-control-wrap\" data-name=\"date-2\"><input class=\"wpcf7-form-control wpcf7-date wpcf7-validates-as-date\" aria-invalid=\"false\" value=\"2026-04-25\" type=\"date\" name=\"date-2\" \/><\/span>\n<\/p>\n<p><span class=\"wpcf7-form-control-wrap\" data-name=\"Message\"><textarea cols=\"40\" rows=\"10\" maxlength=\"2000\" class=\"wpcf7-form-control wpcf7-textarea\" aria-invalid=\"false\" placeholder=\"Votre communication\" name=\"Message\"><\/textarea><\/span><br \/>\n<span class=\"wpcf7-form-control-wrap\" data-name=\"Nichtraucher\"><span class=\"wpcf7-form-control wpcf7-checkbox wpcf7-validates-as-required\"><span class=\"wpcf7-list-item first last\"><label><input type=\"checkbox\" name=\"Nichtraucher[]\" value=\"Nous confirmons qu&#039;il n&#039;est PAS question de fumer.\" \/><span class=\"wpcf7-list-item-label\">Nous confirmons qu&#039;il n&#039;est PAS question de fumer.<\/span><\/label><\/span><\/span><\/span><br \/>\n<span class=\"wpcf7-form-control-wrap\" data-name=\"Ueber25\"><span class=\"wpcf7-form-control wpcf7-checkbox wpcf7-validates-as-required\"><span class=\"wpcf7-list-item first last\"><label><input type=\"checkbox\" name=\"Ueber25[]\" value=\"Nous confirmons que les locataires ont plus de 25 ans.\" \/><span class=\"wpcf7-list-item-label\">Nous confirmons que les locataires ont plus de 25 ans.<\/span><\/label><\/span><\/span><\/span><br \/>\n<span class=\"wpcf7-form-control-wrap\" data-name=\"KeineFerienanlage\"><span class=\"wpcf7-form-control wpcf7-checkbox wpcf7-validates-as-required\"><span class=\"wpcf7-list-item first last\"><label><input type=\"checkbox\" name=\"KeineFerienanlage[]\" value=\"Nous sommes conscients que les BELLES TERRES ne sont pas un centre de vacances et nous nous engageons \u00e0 respecter les r\u00e8glements en vigueur.\" \/><span class=\"wpcf7-list-item-label\">Nous sommes conscients que les BELLES TERRES ne sont pas un centre de vacances et nous nous engageons \u00e0 respecter les r\u00e8glements en vigueur.<\/span><\/label><\/span><\/span><\/span>\n<\/p>\n<p><input class=\"wpcf7-form-control wpcf7-submit has-spinner\" type=\"submit\" value=\"Envoyer\" \/>\n<\/p><p style=\"display: none !important;\" class=\"akismet-fields-container\" data-prefix=\"_wpcf7_ak_\"><label>&#916;<textarea name=\"_wpcf7_ak_hp_textarea\" cols=\"45\" rows=\"8\" maxlength=\"100\"><\/textarea><\/label><input type=\"hidden\" id=\"ak_js_1\" name=\"_wpcf7_ak_js\" value=\"43\"\/><script>document.getElementById( \"ak_js_1\" ).setAttribute( \"value\", ( new Date() ).getTime() );<\/script><\/p><div class=\"wpcf7-response-output\" aria-hidden=\"true\"><\/div>\n<\/form>\n<\/div>\n\n<p>[\/et_pb_text][\/et_pb_column][\/et_pb_row][\/et_pb_section][et_pb_section fb_built=\u00a0\u00bb1&Prime; _builder_version=\u00a0\u00bb4.21.0&Prime; _module_preset=\u00a0\u00bbdefault\u00a0\u00bb custom_margin=\u00a0\u00bb0px|0px|0px|0px|true|true\u00a0\u00bb custom_padding=\u00a0\u00bb0px|0px|0px|0px|true|true\u00a0\u00bb global_colors_info=\u00a0\u00bb{}\u00a0\u00bb][et_pb_row _builder_version=\u00a0\u00bb4.21.0&Prime; _module_preset=\u00a0\u00bbdefault\u00a0\u00bb width=\u00a0\u00bb100%\u00a0\u00bb max_width=\u00a0\u00bb90000px\u00a0\u00bb custom_margin=\u00a0\u00bb0px||0px||true|false\u00a0\u00bb custom_padding=\u00a0\u00bb0px||0px||true|false\u00a0\u00bb global_colors_info=\u00a0\u00bb{}\u00a0\u00bb][et_pb_column type=\u00a0\u00bb4_4&Prime; _builder_version=\u00a0\u00bb4.21.0&Prime; _module_preset=\u00a0\u00bbdefault\u00a0\u00bb global_colors_info=\u00a0\u00bb{}\u00a0\u00bb][et_pb_image src=\u00a0\u00bbhttps:\/\/ferienwohnung-nizza.eu\/wp-content\/uploads\/2023\/05\/adobestock-187962242-1.jpeg\u00a0\u00bb title_text=\u00a0\u00bbi love Nice\u00a0\u00bb _builder_version=\u00a0\u00bb4.21.0&Prime; _module_preset=\u00a0\u00bbdefault\u00a0\u00bb global_colors_info=\u00a0\u00bb{}\u00a0\u00bb][\/et_pb_image][\/et_pb_column][\/et_pb_row][\/et_pb_section]<\/p>\n","protected":false},"excerpt":{"rendered":"<p>Calendrier d&rsquo;occupation et r\u00e9servation directe Regardez ici quand l&rsquo;appartement de vacances \u00e0 Nice est encore libre et r\u00e9servez tout de suite ici.Calendrier des r\u00e9servations Ihr Browser kann den Kalender leider nicht direkt anzeigen, klicken Sie bitte hierFerienhaus BelegungskalenderR\u00e9servation directe\n<div class=\"wpcf7 no-js\" id=\"wpcf7-f231627-o2\" lang=\"fr-FR\" dir=\"ltr\" data-wpcf7-id=\"231627\">\n<div class=\"screen-reader-response\"><p role=\"status\" aria-live=\"polite\" aria-atomic=\"true\"><\/p> <ul><\/ul><\/div>\n<form action=\"\/fr\/wp-json\/wp\/v2\/pages\/231520#wpcf7-f231627-o2\" method=\"post\" class=\"wpcf7-form init\" aria-label=\"Formulaire de contact\" novalidate=\"novalidate\" data-status=\"init\">\n<fieldset class=\"hidden-fields-container\"><input type=\"hidden\" name=\"_wpcf7\" value=\"231627\" \/><input type=\"hidden\" name=\"_wpcf7_version\" value=\"6.1.3\" \/><input type=\"hidden\" name=\"_wpcf7_locale\" value=\"fr_FR\" \/><input type=\"hidden\" name=\"_wpcf7_unit_tag\" value=\"wpcf7-f231627-o2\" \/><input type=\"hidden\" name=\"_wpcf7_container_post\" value=\"0\" \/><input type=\"hidden\" name=\"_wpcf7_posted_data_hash\" value=\"\" \/>\n<\/fieldset>\n<p>Vos coordonn\u00e9es :<br \/>\n<span class=\"wpcf7-form-control-wrap\" data-name=\"Vorname\"><input size=\"40\" maxlength=\"400\" class=\"wpcf7-form-control wpcf7-text wpcf7-validates-as-required\" aria-required=\"true\" aria-invalid=\"false\" placeholder=\"Pr\u00e9nom\" value=\"\" type=\"text\" name=\"Vorname\" \/><\/span><br \/>\n<span class=\"wpcf7-form-control-wrap\" data-name=\"your-name\"><input size=\"40\" maxlength=\"400\" class=\"wpcf7-form-control wpcf7-text wpcf7-validates-as-required\" autocomplete=\"name\" aria-required=\"true\" aria-invalid=\"false\" placeholder=\"Nom\" value=\"\" type=\"text\" name=\"your-name\" \/><\/span><br \/>\n<span class=\"wpcf7-form-control-wrap\" data-name=\"Strasse\"><input size=\"40\" maxlength=\"400\" class=\"wpcf7-form-control wpcf7-text wpcf7-validates-as-required\" aria-required=\"true\" aria-invalid=\"false\" placeholder=\"Rue et num\u00e9ro\" value=\"\" type=\"text\" name=\"Strasse\" \/><\/span><br \/>\n<span class=\"wpcf7-form-control-wrap\" data-name=\"PLZ\"><input size=\"40\" maxlength=\"400\" class=\"wpcf7-form-control wpcf7-text wpcf7-validates-as-required\" aria-required=\"true\" aria-invalid=\"false\" placeholder=\"CODE POSTAL\" value=\"\" type=\"text\" name=\"PLZ\" \/><\/span><br \/>\n<span class=\"wpcf7-form-control-wrap\" data-name=\"Ort\"><input size=\"40\" maxlength=\"400\" class=\"wpcf7-form-control wpcf7-text wpcf7-validates-as-required\" aria-required=\"true\" aria-invalid=\"false\" placeholder=\"Lieu\" value=\"\" type=\"text\" name=\"Ort\" \/><\/span><br \/>\n<span class=\"wpcf7-form-control-wrap\" data-name=\"Land\"><input size=\"40\" maxlength=\"400\" class=\"wpcf7-form-control wpcf7-text wpcf7-validates-as-required\" aria-required=\"true\" aria-invalid=\"false\" placeholder=\"Pays\" value=\"\" type=\"text\" name=\"Land\" \/><\/span><br \/>\n<span class=\"wpcf7-form-control-wrap\" data-name=\"your-email\"><input size=\"40\" maxlength=\"400\" class=\"wpcf7-form-control wpcf7-email wpcf7-validates-as-required wpcf7-text wpcf7-validates-as-email\" aria-required=\"true\" aria-invalid=\"false\" placeholder=\"Courrier \u00e9lectronique\" value=\"\" type=\"email\" name=\"your-email\" \/><\/span><br \/>\n<span class=\"wpcf7-form-control-wrap\" data-name=\"Telefon\"><input size=\"40\" maxlength=\"400\" class=\"wpcf7-form-control wpcf7-text wpcf7-validates-as-required\" aria-required=\"true\" aria-invalid=\"false\" placeholder=\"T\u00e9l\u00e9phone\" value=\"\" type=\"text\" name=\"Telefon\" \/><\/span>\n<\/p>\n<p><span class=\"wpcf7-form-control-wrap\" data-name=\"your-subject\"><input size=\"40\" maxlength=\"400\" class=\"wpcf7-form-control wpcf7-text\" aria-invalid=\"false\" value=\"Demande de r\u00e9servation\" type=\"text\" name=\"your-subject\" \/><\/span><br \/>\nDate d'arriv\u00e9e<br \/>\n<span class=\"wpcf7-form-control-wrap\" data-name=\"von\"><input class=\"wpcf7-form-control wpcf7-date wpcf7-validates-as-date\" min=\"2026-05-02\" aria-invalid=\"false\" value=\"2026-04-25\" type=\"date\" name=\"von\" \/><\/span><br \/>\nDate de d\u00e9part<br \/>\n<span class=\"wpcf7-form-control-wrap\" data-name=\"date-2\"><input class=\"wpcf7-form-control wpcf7-date wpcf7-validates-as-date\" aria-invalid=\"false\" value=\"2026-04-25\" type=\"date\" name=\"date-2\" \/><\/span>\n<\/p>\n<p><span class=\"wpcf7-form-control-wrap\" data-name=\"Message\"><textarea cols=\"40\" rows=\"10\" maxlength=\"2000\" class=\"wpcf7-form-control wpcf7-textarea\" aria-invalid=\"false\" placeholder=\"Votre communication\" name=\"Message\"><\/textarea><\/span><br \/>\n<span class=\"wpcf7-form-control-wrap\" data-name=\"Nichtraucher\"><span class=\"wpcf7-form-control wpcf7-checkbox wpcf7-validates-as-required\"><span class=\"wpcf7-list-item first last\"><label><input type=\"checkbox\" name=\"Nichtraucher[]\" value=\"Nous confirmons qu&#039;il n&#039;est PAS question de fumer.\" \/><span class=\"wpcf7-list-item-label\">Nous confirmons qu&#039;il n&#039;est PAS question de fumer.<\/span><\/label><\/span><\/span><\/span><br \/>\n<span class=\"wpcf7-form-control-wrap\" data-name=\"Ueber25\"><span class=\"wpcf7-form-control wpcf7-checkbox wpcf7-validates-as-required\"><span class=\"wpcf7-list-item first last\"><label><input type=\"checkbox\" name=\"Ueber25[]\" value=\"Nous confirmons que les locataires ont plus de 25 ans.\" \/><span class=\"wpcf7-list-item-label\">Nous confirmons que les locataires ont plus de 25 ans.<\/span><\/label><\/span><\/span><\/span><br \/>\n<span class=\"wpcf7-form-control-wrap\" data-name=\"KeineFerienanlage\"><span class=\"wpcf7-form-control wpcf7-checkbox wpcf7-validates-as-required\"><span class=\"wpcf7-list-item first last\"><label><input type=\"checkbox\" name=\"KeineFerienanlage[]\" value=\"Nous sommes conscients que les BELLES TERRES ne sont pas un centre de vacances et nous nous engageons \u00e0 respecter les r\u00e8glements en vigueur.\" \/><span class=\"wpcf7-list-item-label\">Nous sommes conscients que les BELLES TERRES ne sont pas un centre de vacances et nous nous engageons \u00e0 respecter les r\u00e8glements en vigueur.<\/span><\/label><\/span><\/span><\/span>\n<\/p>\n<p><input class=\"wpcf7-form-control wpcf7-submit has-spinner\" type=\"submit\" value=\"Envoyer\" \/>\n<\/p><p style=\"display: none !important;\" class=\"akismet-fields-container\" data-prefix=\"_wpcf7_ak_\"><label>&#916;<textarea name=\"_wpcf7_ak_hp_textarea\" cols=\"45\" rows=\"8\" maxlength=\"100\"><\/textarea><\/label><input type=\"hidden\" id=\"ak_js_2\" name=\"_wpcf7_ak_js\" value=\"72\"\/><script>document.getElementById( \"ak_js_2\" ).setAttribute( \"value\", ( new Date() ).getTime() );<\/script><\/p><div class=\"wpcf7-response-output\" aria-hidden=\"true\"><\/div>\n<\/form>\n<\/div>\n<\/p>\n","protected":false},"author":1,"featured_media":0,"parent":0,"menu_order":0,"comment_status":"closed","ping_status":"closed","template":"","meta":{"_et_pb_use_builder":"on","_et_pb_old_content":"","_et_gb_content_width":"","_sitemap_exclude":false,"_sitemap_priority":"","_sitemap_frequency":"","footnotes":""},"difl_page_category":[],"class_list":["post-231520","page","type-page","status-publish","hentry"],"_links":{"self":[{"href":"https:\/\/ferienwohnung-nizza.eu\/fr\/wp-json\/wp\/v2\/pages\/231520","targetHints":{"allow":["GET"]}}],"collection":[{"href":"https:\/\/ferienwohnung-nizza.eu\/fr\/wp-json\/wp\/v2\/pages"}],"about":[{"href":"https:\/\/ferienwohnung-nizza.eu\/fr\/wp-json\/wp\/v2\/types\/page"}],"author":[{"embeddable":true,"href":"https:\/\/ferienwohnung-nizza.eu\/fr\/wp-json\/wp\/v2\/users\/1"}],"replies":[{"embeddable":true,"href":"https:\/\/ferienwohnung-nizza.eu\/fr\/wp-json\/wp\/v2\/comments?post=231520"}],"version-history":[{"count":15,"href":"https:\/\/ferienwohnung-nizza.eu\/fr\/wp-json\/wp\/v2\/pages\/231520\/revisions"}],"predecessor-version":[{"id":232100,"href":"https:\/\/ferienwohnung-nizza.eu\/fr\/wp-json\/wp\/v2\/pages\/231520\/revisions\/232100"}],"wp:attachment":[{"href":"https:\/\/ferienwohnung-nizza.eu\/fr\/wp-json\/wp\/v2\/media?parent=231520"}],"wp:term":[{"taxonomy":"difl_page_category","embeddable":true,"href":"https:\/\/ferienwohnung-nizza.eu\/fr\/wp-json\/wp\/v2\/difl_page_category?post=231520"}],"curies":[{"name":"wp","href":"https:\/\/api.w.org\/{rel}","templated":true}]}}